{"id":113,"date":"2023-09-28T10:16:28","date_gmt":"2023-09-28T08:16:28","guid":{"rendered":"https:\/\/rire.mysiteweb.eu\/?page_id=113"},"modified":"2024-07-23T10:51:19","modified_gmt":"2024-07-23T08:51:19","slug":"en-savoir-plus","status":"publish","type":"page","link":"https:\/\/riredeboncoeur.fr\/index.php\/en-savoir-plus\/","title":{"rendered":"En savoir plus"},"content":{"rendered":"\t\t<div data-elementor-type=\"wp-page\" data-elementor-id=\"113\" class=\"elementor elementor-113\">\n\t\t\t\t<div class=\"elementor-element elementor-element-80352ff e-flex e-con-boxed e-con e-parent\" data-id=\"80352ff\" data-element_type=\"container\" data-e-type=\"container\">\n\t\t\t\t\t<div class=\"e-con-inner\">\n\t\t<div class=\"elementor-element elementor-element-d1eebbc e-con-full e-flex e-con e-child\" data-id=\"d1eebbc\" data-element_type=\"container\" data-e-type=\"container\">\n\t\t\t\t<div class=\"elementor-element elementor-element-62dd42d elementor-widget elementor-widget-image\" data-id=\"62dd42d\" data-element_type=\"widget\" data-e-type=\"widget\" data-widget_type=\"image.default\">\n\t\t\t\t<div class=\"elementor-widget-container\">\n\t\t\t\t\t\t\t\t\t\t\t\t\t\t\t<img fetchpriority=\"high\" decoding=\"async\" width=\"600\" height=\"400\" src=\"https:\/\/riredeboncoeur.fr\/wp-content\/uploads\/2023\/09\/33366.jpg\" class=\"attachment-large size-large wp-image-125\" alt=\"\" srcset=\"https:\/\/riredeboncoeur.fr\/wp-content\/uploads\/2023\/09\/33366.jpg 600w, https:\/\/riredeboncoeur.fr\/wp-content\/uploads\/2023\/09\/33366-300x200.jpg 300w\" sizes=\"(max-width: 600px) 100vw, 600px\" \/>\t\t\t\t\t\t\t\t\t\t\t\t\t\t\t<\/div>\n\t\t\t\t<\/div>\n\t\t\t\t<\/div>\n\t\t<div class=\"elementor-element elementor-element-3ec8aad e-con-full e-flex e-con e-child\" data-id=\"3ec8aad\" data-element_type=\"container\" data-e-type=\"container\">\n\t\t\t\t<div class=\"elementor-element elementor-element-870cbe6 elementor-widget elementor-widget-heading\" data-id=\"870cbe6\" data-element_type=\"widget\" data-e-type=\"widget\" data-widget_type=\"heading.default\">\n\t\t\t\t<div class=\"elementor-widget-container\">\n\t\t\t\t\t<h1 class=\"elementor-heading-title elementor-size-default\">Le Yoga du rire c'est quoi ?<\/h1>\t\t\t\t<\/div>\n\t\t\t\t<\/div>\n\t\t\t\t<div class=\"elementor-element elementor-element-541f03e elementor-widget elementor-widget-text-editor\" data-id=\"541f03e\" data-element_type=\"widget\" data-e-type=\"widget\" data-widget_type=\"text-editor.default\">\n\t\t\t\t<div class=\"elementor-widget-container\">\n\t\t\t\t\t\t\t\t\t<p>Le yoga du rire est une m\u00e9thode de relaxation qui utilise des techniques de rire sans raison pour am\u00e9liorer la sant\u00e9 et le bien-\u00eatre.<\/p><div dir=\"auto\">Le yoga du rire est une pratique de bien-\u00eatre qui utilise des techniques de rire sans raison pour am\u00e9liorer la sant\u00e9 physique et mentale. Il est souvent pratiqu\u00e9 en groupe et vise \u00e0 stimuler la joie, la relaxation et la connexion sociale. La pratique consiste en des exercices de respiration, des mouvements du corps et des s\u00e9ances de rire collectif.<\/div>\t\t\t\t\t\t\t\t<\/div>\n\t\t\t\t<\/div>\n\t\t\t\t<\/div>\n\t\t\t\t\t<\/div>\n\t\t\t\t<\/div>\n\t\t<div class=\"elementor-element elementor-element-cfef878 e-flex e-con-boxed e-con e-parent\" data-id=\"cfef878\" data-element_type=\"container\" data-e-type=\"container\" data-settings=\"{&quot;background_background&quot;:&quot;classic&quot;}\">\n\t\t\t\t\t<div class=\"e-con-inner\">\n\t\t\t\t<div class=\"elementor-element elementor-element-736e7c9 elementor-widget elementor-widget-heading\" data-id=\"736e7c9\" data-element_type=\"widget\" data-e-type=\"widget\" data-widget_type=\"heading.default\">\n\t\t\t\t<div class=\"elementor-widget-container\">\n\t\t\t\t\t<h2 class=\"elementor-heading-title elementor-size-default\">Mais un club de yoga rire c'est quoi ? \u00e7a vient d'o\u00f9 ?<\/h2>\t\t\t\t<\/div>\n\t\t\t\t<\/div>\n\t\t\t\t\t<\/div>\n\t\t\t\t<\/div>\n\t\t<div class=\"elementor-element elementor-element-e3cd518 e-flex e-con-boxed e-con e-parent\" data-id=\"e3cd518\" data-element_type=\"container\" data-e-type=\"container\" data-settings=\"{&quot;background_background&quot;:&quot;classic&quot;}\">\n\t\t\t\t\t<div class=\"e-con-inner\">\n\t\t<div class=\"elementor-element elementor-element-d6ec6e6 e-con-full e-flex e-con e-child\" data-id=\"d6ec6e6\" data-element_type=\"container\" data-e-type=\"container\">\n\t\t\t\t<div class=\"elementor-element elementor-element-8746156 elementor-widget elementor-widget-heading\" data-id=\"8746156\" data-element_type=\"widget\" data-e-type=\"widget\" data-widget_type=\"heading.default\">\n\t\t\t\t<div class=\"elementor-widget-container\">\n\t\t\t\t\t<h2 class=\"elementor-heading-title elementor-size-default\">A l'origine en Inde...<\/h2>\t\t\t\t<\/div>\n\t\t\t\t<\/div>\n\t\t\t\t<div class=\"elementor-element elementor-element-e88b7f7 elementor-widget elementor-widget-text-editor\" data-id=\"e88b7f7\" data-element_type=\"widget\" data-e-type=\"widget\" data-widget_type=\"text-editor.default\">\n\t\t\t\t<div class=\"elementor-widget-container\">\n\t\t\t\t\t\t\t\t\t<p>Originellement en Inde, les clubs de Yoga du rire sont <b>gratuits pour tous<\/b>. Toutefois, les membres du club doivent partager les frais pour la location \u00e9ventuelle du lieu, de mat\u00e9riel et de frais li\u00e9s \u00e0 l\u2019activit\u00e9.\u00a0<\/p><p>La plupart des clubs de rire fonctionnent quotidiennement et <b>les membres se r\u00e9unissent dans les parcs publics <\/b>tr\u00e8s fr\u00e9quent\u00e9s lors de la traditionnelle promenade matinale: les s\u00e9ances d\u00e9butant vers 6h30\/7h00. La dur\u00e9e varie selon l\u2019animateur\u00a0: parfois 20 minutes mais possiblement plus longue surtout lorsqu\u2019il y a plusieurs animateurs \u00e0 conduire la session.<\/p><p>\u00a0Environ 10 000 clubs sont recens\u00e9s en Inde. Chacun y est le bienvenu.<\/p>\t\t\t\t\t\t\t\t<\/div>\n\t\t\t\t<\/div>\n\t\t\t\t<\/div>\n\t\t<div class=\"elementor-element elementor-element-6b5d5c0 e-con-full e-flex e-con e-child\" data-id=\"6b5d5c0\" data-element_type=\"container\" data-e-type=\"container\">\n\t\t\t\t<div class=\"elementor-element elementor-element-fdae76a elementor-widget elementor-widget-image\" data-id=\"fdae76a\" data-element_type=\"widget\" data-e-type=\"widget\" data-widget_type=\"image.default\">\n\t\t\t\t<div class=\"elementor-widget-container\">\n\t\t\t\t\t\t\t\t\t\t\t\t\t\t\t<img decoding=\"async\" width=\"500\" height=\"500\" src=\"https:\/\/riredeboncoeur.fr\/wp-content\/uploads\/2023\/09\/rire-indou.png\" class=\"attachment-large size-large wp-image-126\" alt=\"\" srcset=\"https:\/\/riredeboncoeur.fr\/wp-content\/uploads\/2023\/09\/rire-indou.png 500w, https:\/\/riredeboncoeur.fr\/wp-content\/uploads\/2023\/09\/rire-indou-300x300.png 300w, https:\/\/riredeboncoeur.fr\/wp-content\/uploads\/2023\/09\/rire-indou-150x150.png 150w\" sizes=\"(max-width: 500px) 100vw, 500px\" \/>\t\t\t\t\t\t\t\t\t\t\t\t\t\t\t<\/div>\n\t\t\t\t<\/div>\n\t\t\t\t<\/div>\n\t\t\t\t\t<\/div>\n\t\t\t\t<\/div>\n\t\t<div class=\"elementor-element elementor-element-6614e76 e-flex e-con-boxed e-con e-parent\" data-id=\"6614e76\" data-element_type=\"container\" data-e-type=\"container\" data-settings=\"{&quot;background_background&quot;:&quot;classic&quot;}\">\n\t\t\t\t\t<div class=\"e-con-inner\">\n\t\t<div class=\"elementor-element elementor-element-c6a45b9 e-con-full e-flex e-con e-child\" data-id=\"c6a45b9\" data-element_type=\"container\" data-e-type=\"container\">\n\t\t\t\t<div class=\"elementor-element elementor-element-66692e8 elementor-widget elementor-widget-image\" data-id=\"66692e8\" data-element_type=\"widget\" data-e-type=\"widget\" data-widget_type=\"image.default\">\n\t\t\t\t<div class=\"elementor-widget-container\">\n\t\t\t\t\t\t\t\t\t\t\t\t\t\t\t<img decoding=\"async\" width=\"500\" height=\"411\" src=\"https:\/\/riredeboncoeur.fr\/wp-content\/uploads\/2023\/09\/yoga.png\" class=\"attachment-large size-large wp-image-127\" alt=\"\" srcset=\"https:\/\/riredeboncoeur.fr\/wp-content\/uploads\/2023\/09\/yoga.png 500w, https:\/\/riredeboncoeur.fr\/wp-content\/uploads\/2023\/09\/yoga-300x247.png 300w\" sizes=\"(max-width: 500px) 100vw, 500px\" \/>\t\t\t\t\t\t\t\t\t\t\t\t\t\t\t<\/div>\n\t\t\t\t<\/div>\n\t\t\t\t<\/div>\n\t\t<div class=\"elementor-element elementor-element-8d52685 e-con-full e-flex e-con e-child\" data-id=\"8d52685\" data-element_type=\"container\" data-e-type=\"container\">\n\t\t\t\t<div class=\"elementor-element elementor-element-e1940d5 elementor-widget elementor-widget-heading\" data-id=\"e1940d5\" data-element_type=\"widget\" data-e-type=\"widget\" data-widget_type=\"heading.default\">\n\t\t\t\t<div class=\"elementor-widget-container\">\n\t\t\t\t\t<h2 class=\"elementor-heading-title elementor-size-default\">Historique\nen France...<\/h2>\t\t\t\t<\/div>\n\t\t\t\t<\/div>\n\t\t\t\t<div class=\"elementor-element elementor-element-5c4ad86 elementor-widget elementor-widget-text-editor\" data-id=\"5c4ad86\" data-element_type=\"widget\" data-e-type=\"widget\" data-widget_type=\"text-editor.default\">\n\t\t\t\t<div class=\"elementor-widget-container\">\n\t\t\t\t\t\t\t\t\t<div>Le premier club de rire fran\u00e7ais a \u00e9t\u00e9 initi\u00e9 en 2002 par un alsacien, chef d\u2019entreprise \u00e0 la suite de sa rencontre avec le m\u00e9decin fondateur de la m\u00e9thode. Une \u00e9tude r\u00e9alis\u00e9e en 2010 recensait 205 clubs de rire o\u00f9 le public peut s\u2019adonner \u00e0 des moments de totale bonne humeur et de positif. Actuellement, ce nombre a consid\u00e9rablement augment\u00e9 et il est probable que vous trouviez la possibilit\u00e9 de pratiquer \u00e0 c\u00f4t\u00e9 de chez vous.<\/div><div><h6><u><b>(source Yoga du rire L\u2019 observatoire du\u00a0 yoga du rire)\u00a0<\/b><\/u><\/h6><\/div>\t\t\t\t\t\t\t\t<\/div>\n\t\t\t\t<\/div>\n\t\t\t\t<\/div>\n\t\t\t\t\t<\/div>\n\t\t\t\t<\/div>\n\t\t<div class=\"elementor-element elementor-element-5622751 e-flex e-con-boxed e-con e-parent\" data-id=\"5622751\" data-element_type=\"container\" data-e-type=\"container\" data-settings=\"{&quot;background_background&quot;:&quot;classic&quot;}\">\n\t\t\t\t\t<div class=\"e-con-inner\">\n\t\t\t\t<div class=\"elementor-element elementor-element-73d3903 elementor-widget elementor-widget-heading\" data-id=\"73d3903\" data-element_type=\"widget\" data-e-type=\"widget\" data-widget_type=\"heading.default\">\n\t\t\t\t<div class=\"elementor-widget-container\">\n\t\t\t\t\t<h2 class=\"elementor-heading-title elementor-size-default\">Plus de renseignement ?<\/h2>\t\t\t\t<\/div>\n\t\t\t\t<\/div>\n\t\t\t\t<div class=\"elementor-element elementor-element-92bf7fc elementor-widget elementor-widget-text-editor\" data-id=\"92bf7fc\" data-element_type=\"widget\" data-e-type=\"widget\" data-widget_type=\"text-editor.default\">\n\t\t\t\t<div class=\"elementor-widget-container\">\n\t\t\t\t\t\t\t\t\t<ul><li style=\"list-style-type: none;\"><ul><li><strong><strong>annuaire et renseignements<\/strong><\/strong><a href=\"https:\/\/www.yoga-du-rire-observatoire.info\/decouvrez-les-bienfaits-du-yoga-du-rire\"><br \/>https:\/\/www.yoga-du-rire-observatoire.info\/decouvrez-les-bienfaits-du-yoga-du-rire&lt;<br \/><strong><br \/>https:\/\/www.clubs-de-yoga-du-rire.com\/<\/strong><\/a><\/li><li><strong>sant\u00e9 et rire<br \/><\/strong><a href=\"https:\/\/www.passeportsante.net\/fr\/Therapies\/Guide\/Fiche.aspx?doc=yoga-du-rire_th\">https:\/\/www.passeportsante.net\/fr\/Therapies\/Guide\/Fiche.aspx?doc=yoga-du-rire_th<\/a><\/li><li><strong>formations<br \/><\/strong><a href=\"https:\/\/www.formation-yogadurire.fr\/\">https:\/\/www.formation-yogadurire.fr\/<\/a><\/li><li><strong>livre<br \/><\/strong>Le yoga du rire Linda Leclerc et Corinne Cosseron<\/li><\/ul><\/li><\/ul>\t\t\t\t\t\t\t\t<\/div>\n\t\t\t\t<\/div>\n\t\t\t\t\t<\/div>\n\t\t\t\t<\/div>\n\t\t\t\t<\/div>\n\t\t","protected":false},"excerpt":{"rendered":"<p>Le Yoga du rire c&rsquo;est quoi ? Le yoga du rire est une m\u00e9thode de relaxation qui utilise des techniques de rire sans raison pour am\u00e9liorer la sant\u00e9 et le bien-\u00eatre. Le yoga du rire est une pratique de bien-\u00eatre qui utilise des techniques de rire sans raison pour am\u00e9liorer la sant\u00e9 physique et mentale. [&hellip;]<\/p>\n","protected":false},"author":1,"featured_media":0,"parent":0,"menu_order":0,"comment_status":"closed","ping_status":"closed","template":"","meta":{"footnotes":""},"class_list":["post-113","page","type-page","status-publish","hentry"],"_links":{"self":[{"href":"https:\/\/riredeboncoeur.fr\/index.php\/wp-json\/wp\/v2\/pages\/113","targetHints":{"allow":["GET"]}}],"collection":[{"href":"https:\/\/riredeboncoeur.fr\/index.php\/wp-json\/wp\/v2\/pages"}],"about":[{"href":"https:\/\/riredeboncoeur.fr\/index.php\/wp-json\/wp\/v2\/types\/page"}],"author":[{"embeddable":true,"href":"https:\/\/riredeboncoeur.fr\/index.php\/wp-json\/wp\/v2\/users\/1"}],"replies":[{"embeddable":true,"href":"https:\/\/riredeboncoeur.fr\/index.php\/wp-json\/wp\/v2\/comments?post=113"}],"version-history":[{"count":23,"href":"https:\/\/riredeboncoeur.fr\/index.php\/wp-json\/wp\/v2\/pages\/113\/revisions"}],"predecessor-version":[{"id":274,"href":"https:\/\/riredeboncoeur.fr\/index.php\/wp-json\/wp\/v2\/pages\/113\/revisions\/274"}],"wp:attachment":[{"href":"https:\/\/riredeboncoeur.fr\/index.php\/wp-json\/wp\/v2\/media?parent=113"}],"curies":[{"name":"wp","href":"https:\/\/api.w.org\/{rel}","templated":true}]}}