{"id":85,"date":"2023-09-26T17:14:16","date_gmt":"2023-09-26T15:14:16","guid":{"rendered":"https:\/\/rire.mysiteweb.eu\/?page_id=85"},"modified":"2024-02-02T12:16:59","modified_gmt":"2024-02-02T11:16:59","slug":"les-seances","status":"publish","type":"page","link":"https:\/\/riredeboncoeur.fr\/index.php\/les-seances\/","title":{"rendered":"Les s\u00e9ances"},"content":{"rendered":"\t\t<div data-elementor-type=\"wp-page\" data-elementor-id=\"85\" class=\"elementor elementor-85\">\n\t\t\t\t<div class=\"elementor-element elementor-element-0c8c8a5 e-flex e-con-boxed e-con e-parent\" data-id=\"0c8c8a5\" data-element_type=\"container\" data-e-type=\"container\">\n\t\t\t\t\t<div class=\"e-con-inner\">\n\t\t\t\t<div class=\"elementor-element elementor-element-2a21f42 elementor-widget elementor-widget-heading\" data-id=\"2a21f42\" data-element_type=\"widget\" data-e-type=\"widget\" data-widget_type=\"heading.default\">\n\t\t\t\t<div class=\"elementor-widget-container\">\n\t\t\t\t\t<h1 class=\"elementor-heading-title elementor-size-default\">O\u00f9? Quand ? Comment? Pour Qui ?<\/h1>\t\t\t\t<\/div>\n\t\t\t\t<\/div>\n\t\t\t\t\t<\/div>\n\t\t\t\t<\/div>\n\t\t<div class=\"elementor-element elementor-element-9d0a020 e-con-full e-flex e-con e-parent\" data-id=\"9d0a020\" data-element_type=\"container\" data-e-type=\"container\">\n\t\t<div class=\"elementor-element elementor-element-9fdcf4d e-con-full e-flex e-con e-child\" data-id=\"9fdcf4d\" data-element_type=\"container\" data-e-type=\"container\">\n\t\t\t\t<div class=\"elementor-element elementor-element-a6ec050 elementor-widget elementor-widget-ucaddon_flip_box\" data-id=\"a6ec050\" data-element_type=\"widget\" data-e-type=\"widget\" data-widget_type=\"ucaddon_flip_box.default\">\n\t\t\t\t<div class=\"elementor-widget-container\">\n\t\t\t\t\t\n<!-- start Flip Box -->\n\t\t<link id='font-awesome-css' href='https:\/\/riredeboncoeur.fr\/wp-content\/plugins\/unlimited-elements-for-elementor\/assets_libraries\/font-awesome6\/fontawesome-all.min.css' type='text\/css' rel='stylesheet' >\n\t\t<link id='font-awesome-4-shim-css' href='https:\/\/riredeboncoeur.fr\/wp-content\/plugins\/unlimited-elements-for-elementor\/assets_libraries\/font-awesome6\/fontawesome-v4-shims.min.css' type='text\/css' rel='stylesheet' >\n\t\t<link id='uc_ac_assets_file_ue_flipbox_styles_css_12353-css' href='https:\/\/riredeboncoeur.fr\/wp-content\/uploads\/ac_assets\/uc_flip_box_base\/animations\/ue-flipbox-styles.css' type='text\/css' rel='stylesheet' >\n\n<style>\/* widget: Flip Box *\/\n\n\/* elementor container support *\/\n.e-con-inner>.elementor-widget-ucaddon_flip_box, .e-con>.elementor-widget-ucaddon_flip_box {\n    width: var(--container-widget-width);\n    --flex-grow: var(--container-widget-flex-grow);\n}\n\n#uc_flip_box_elementor_a6ec050 .ue-flip-box__panel.ue-flip-box__panel--front,\n#uc_flip_box_elementor_a6ec050 .ue-flip-box__panel.ue-flip-box__panel--back {\n    backface-visibility: hidden;\n    -webkit-backface-visibility: hidden; \n}\n\n\n#uc_flip_box_elementor_a6ec050 .ue-flip-box__panel--back .ue_btn{\n\tdisplay: inline-block;\n}\n \n\n\t\n\n\n\n\n\n#uc_flip_box_elementor_a6ec050 .ue-flip-box__panel--front-overlay, #uc_flip_box_elementor_a6ec050 .ue-flip-box__panel--back-overlay\n{\n  position:absolute;\n  top:0;\n  bottom:0;\n  right:0;\n  left:0;\n  z-index:-1;\n}\n\n\n\n<\/style>\n\n<div id=\"uc_flip_box_elementor_a6ec050\" class=\"ue-flip-box\" data-id=\"uc_flip_box_elementor_a6ec050\" data-closeonbody='false'>\n  \n      <div class=\"ue-flip-box__container uc-hide ue-flip_left ue-flip-box__container--hover\" tabindex=\"0\">\n      \n    <div class=\"ue-flip-box__panel ue-flip-box__panel--front\">\n      <div class=\"ue-flip-box__panel--front-overlay\"><\/div>\n            <div class=\"ue-flip-box__panel__wrapper\">\n        <div class=\"ue-flip-box__panel__content\">\n                            <div class=\"ue-flip-box__panel__element ue-flip-box__icon\"><i class='fas fa-warehouse'><\/i><\/div>                                                       <div class=\"ue-flip-box__panel__element ue-flip-box__title\">En club<\/div>                    <\/div>\n      <\/div>\n    <\/div>\n    \n\n      \n    <div class=\"ue-flip-box__panel ue-flip-box__panel--back\">\n      <div class=\"ue-flip-box__panel--back-overlay\"><\/div>\n            <div class=\"ue-flip-box__panel__wrapper\">\n        <div class=\"ue-flip-box__panel__content\">\n                    <div class=\"ue-flip-box__panel__element ue-flip-box__title\">T\u00e9l 07.49.10.20.43<\/div>          <div class=\"ue-flip-box__panel__element ue-flip-box__description\"><p>contactez moi\u00a0 pour vous informer du lieu et horaire du rendez-vous le plus proche<\/p><p>\u00a0prix s\u00e9ances \u00e0 partir de 7 euros.<\/p><p>prix r\u00e9duits pour adh\u00e9rents de l\u2019association, ch\u00f4meur ou psh .<\/p><\/div>                  <\/div>\n      <\/div>\n    <\/div>\n    \n  <\/div>\n  \n   \n      \n        \n<\/div>\n<!-- end Flip Box -->\t\t\t\t<\/div>\n\t\t\t\t<\/div>\n\t\t\t\t<\/div>\n\t\t<div class=\"elementor-element elementor-element-a80d00b e-con-full e-flex e-con e-child\" data-id=\"a80d00b\" data-element_type=\"container\" data-e-type=\"container\">\n\t\t\t\t<div class=\"elementor-element elementor-element-3bc3cdd elementor-widget elementor-widget-ucaddon_flip_box\" data-id=\"3bc3cdd\" data-element_type=\"widget\" data-e-type=\"widget\" data-widget_type=\"ucaddon_flip_box.default\">\n\t\t\t\t<div class=\"elementor-widget-container\">\n\t\t\t\t\t\n<!-- start Flip Box -->\n\n<style>\/* widget: Flip Box *\/\n\n\/* elementor container support *\/\n.e-con-inner>.elementor-widget-ucaddon_flip_box, .e-con>.elementor-widget-ucaddon_flip_box {\n    width: var(--container-widget-width);\n    --flex-grow: var(--container-widget-flex-grow);\n}\n\n#uc_flip_box_elementor_3bc3cdd .ue-flip-box__panel.ue-flip-box__panel--front,\n#uc_flip_box_elementor_3bc3cdd .ue-flip-box__panel.ue-flip-box__panel--back {\n    backface-visibility: hidden;\n    -webkit-backface-visibility: hidden; \n}\n\n\n#uc_flip_box_elementor_3bc3cdd .ue-flip-box__panel--back .ue_btn{\n\tdisplay: inline-block;\n}\n \n\n\t\n\n\n\n\n\n#uc_flip_box_elementor_3bc3cdd .ue-flip-box__panel--front-overlay, #uc_flip_box_elementor_3bc3cdd .ue-flip-box__panel--back-overlay\n{\n  position:absolute;\n  top:0;\n  bottom:0;\n  right:0;\n  left:0;\n  z-index:-1;\n}\n\n\n\n<\/style>\n\n<div id=\"uc_flip_box_elementor_3bc3cdd\" class=\"ue-flip-box\" data-id=\"uc_flip_box_elementor_3bc3cdd\" data-closeonbody='false'>\n  \n      <div class=\"ue-flip-box__container uc-hide ue-flip_left ue-flip-box__container--hover\" tabindex=\"0\">\n      \n    <div class=\"ue-flip-box__panel ue-flip-box__panel--front\">\n      <div class=\"ue-flip-box__panel--front-overlay\"><\/div>\n            <div class=\"ue-flip-box__panel__wrapper\">\n        <div class=\"ue-flip-box__panel__content\">\n                            <div class=\"ue-flip-box__panel__element ue-flip-box__icon\"><i class='fas fa-shoe-prints'><\/i><\/div>                                                       <div class=\"ue-flip-box__panel__element ue-flip-box__title\">S\u00e9ance priv\u00e9<\/div>                    <\/div>\n      <\/div>\n    <\/div>\n    \n\n      \n    <div class=\"ue-flip-box__panel ue-flip-box__panel--back\">\n      <div class=\"ue-flip-box__panel--back-overlay\"><\/div>\n            <div class=\"ue-flip-box__panel__wrapper\">\n        <div class=\"ue-flip-box__panel__content\">\n                    <div class=\"ue-flip-box__panel__element ue-flip-box__title\">T\u00e9l 07.49.10.20.43<\/div>          <div class=\"ue-flip-box__panel__element ue-flip-box__description\"><p>anniversaires, f\u00eates, mariages, enterrement de vie de jeune filles ou gar\u00e7on, s\u00e9ances parents enfants, grand parents enfants\u00a0 \u2026.. saisissez toutes les occasions pour rire<\/p><p>\u00a0prix (\u00e0 partir de 90 euros selon nombre participants ou distance)\u00a0 et d\u00e9tails d\u2019organisation.<\/p><\/div>                  <\/div>\n      <\/div>\n    <\/div>\n    \n  <\/div>\n  \n   \n      \n        \n<\/div>\n<!-- end Flip Box -->\t\t\t\t<\/div>\n\t\t\t\t<\/div>\n\t\t\t\t<\/div>\n\t\t<div class=\"elementor-element elementor-element-59a35cb e-con-full e-flex e-con e-child\" data-id=\"59a35cb\" data-element_type=\"container\" data-e-type=\"container\">\n\t\t\t\t<div class=\"elementor-element elementor-element-179470a elementor-widget elementor-widget-ucaddon_flip_box\" data-id=\"179470a\" data-element_type=\"widget\" data-e-type=\"widget\" data-widget_type=\"ucaddon_flip_box.default\">\n\t\t\t\t<div class=\"elementor-widget-container\">\n\t\t\t\t\t\n<!-- start Flip Box -->\n\n<style>\/* widget: Flip Box *\/\n\n\/* elementor container support *\/\n.e-con-inner>.elementor-widget-ucaddon_flip_box, .e-con>.elementor-widget-ucaddon_flip_box {\n    width: var(--container-widget-width);\n    --flex-grow: var(--container-widget-flex-grow);\n}\n\n#uc_flip_box_elementor_179470a .ue-flip-box__panel.ue-flip-box__panel--front,\n#uc_flip_box_elementor_179470a .ue-flip-box__panel.ue-flip-box__panel--back {\n    backface-visibility: hidden;\n    -webkit-backface-visibility: hidden; \n}\n\n\n#uc_flip_box_elementor_179470a .ue-flip-box__panel--back .ue_btn{\n\tdisplay: inline-block;\n}\n \n\n\t\n\n\n\n\n\n#uc_flip_box_elementor_179470a .ue-flip-box__panel--front-overlay, #uc_flip_box_elementor_179470a .ue-flip-box__panel--back-overlay\n{\n  position:absolute;\n  top:0;\n  bottom:0;\n  right:0;\n  left:0;\n  z-index:-1;\n}\n\n\n\n<\/style>\n\n<div id=\"uc_flip_box_elementor_179470a\" class=\"ue-flip-box\" data-id=\"uc_flip_box_elementor_179470a\" data-closeonbody='false'>\n  \n      <div class=\"ue-flip-box__container uc-hide ue-flip_left ue-flip-box__container--hover\" tabindex=\"0\">\n      \n    <div class=\"ue-flip-box__panel ue-flip-box__panel--front\">\n      <div class=\"ue-flip-box__panel--front-overlay\"><\/div>\n            <div class=\"ue-flip-box__panel__wrapper\">\n        <div class=\"ue-flip-box__panel__content\">\n                            <div class=\"ue-flip-box__panel__element ue-flip-box__icon\"><i class='fas fa-shopping-bag'><\/i><\/div>                                                       <div class=\"ue-flip-box__panel__element ue-flip-box__title\">S\u00e9ances en entreprise comit\u00e9 \u00e9cole  coll\u00e8ge lyc\u00e9e association maison de retraite \u2026<\/div>                    <\/div>\n      <\/div>\n    <\/div>\n    \n\n      \n    <div class=\"ue-flip-box__panel ue-flip-box__panel--back\">\n      <div class=\"ue-flip-box__panel--back-overlay\"><\/div>\n            <div class=\"ue-flip-box__panel__wrapper\">\n        <div class=\"ue-flip-box__panel__content\">\n                    <div class=\"ue-flip-box__panel__element ue-flip-box__title\">T\u00e9l 07.49.10.20.43<\/div>          <div class=\"ue-flip-box__panel__element ue-flip-box__description\"><p><strong>contactez moi<\/strong> pour prix\u00a0 et d\u00e9tails d\u2019organisation.<\/p><p>Dans les parcs, dans les salles municipales, dans les lieux priv\u00e9s..<\/p><p><u><b>S\u00e9ances d\u2019environ 1 h<\/b><\/u><\/p><\/div>                  <\/div>\n      <\/div>\n    <\/div>\n    \n  <\/div>\n  \n   \n      \n        \n<\/div>\n<!-- end Flip Box -->\t\t\t\t<\/div>\n\t\t\t\t<\/div>\n\t\t\t\t<\/div>\n\t\t<div class=\"elementor-element elementor-element-91fd3ca e-con-full e-flex e-con e-child\" data-id=\"91fd3ca\" data-element_type=\"container\" data-e-type=\"container\">\n\t\t\t\t<div class=\"elementor-element elementor-element-a4d7a55 elementor-widget elementor-widget-ucaddon_flip_box\" data-id=\"a4d7a55\" data-element_type=\"widget\" data-e-type=\"widget\" data-widget_type=\"ucaddon_flip_box.default\">\n\t\t\t\t<div class=\"elementor-widget-container\">\n\t\t\t\t\t\n<!-- start Flip Box -->\n\n<style>\/* widget: Flip Box *\/\n\n\/* elementor container support *\/\n.e-con-inner>.elementor-widget-ucaddon_flip_box, .e-con>.elementor-widget-ucaddon_flip_box {\n    width: var(--container-widget-width);\n    --flex-grow: var(--container-widget-flex-grow);\n}\n\n#uc_flip_box_elementor_a4d7a55 .ue-flip-box__panel.ue-flip-box__panel--front,\n#uc_flip_box_elementor_a4d7a55 .ue-flip-box__panel.ue-flip-box__panel--back {\n    backface-visibility: hidden;\n    -webkit-backface-visibility: hidden; \n}\n\n\n#uc_flip_box_elementor_a4d7a55 .ue-flip-box__panel--back .ue_btn{\n\tdisplay: inline-block;\n}\n \n\n\t\n\n\n\n\n\n#uc_flip_box_elementor_a4d7a55 .ue-flip-box__panel--front-overlay, #uc_flip_box_elementor_a4d7a55 .ue-flip-box__panel--back-overlay\n{\n  position:absolute;\n  top:0;\n  bottom:0;\n  right:0;\n  left:0;\n  z-index:-1;\n}\n\n\n\n<\/style>\n\n<div id=\"uc_flip_box_elementor_a4d7a55\" class=\"ue-flip-box\" data-id=\"uc_flip_box_elementor_a4d7a55\" data-closeonbody='false'>\n  \n      <div class=\"ue-flip-box__container uc-hide ue-flip_left ue-flip-box__container--hover\" tabindex=\"0\">\n      \n    <div class=\"ue-flip-box__panel ue-flip-box__panel--front\">\n      <div class=\"ue-flip-box__panel--front-overlay\"><\/div>\n            <div class=\"ue-flip-box__panel__wrapper\">\n        <div class=\"ue-flip-box__panel__content\">\n                            <div class=\"ue-flip-box__panel__element ue-flip-box__icon\"><i class='far fa-grin-stars'><\/i><\/div>                                                       <div class=\"ue-flip-box__panel__element ue-flip-box__title\">le rire est \u00e9videmment adapt\u00e9 a n\u2019importe quel \u00e2ge !<\/div>                    <\/div>\n      <\/div>\n    <\/div>\n    \n\n      \n    <div class=\"ue-flip-box__panel ue-flip-box__panel--back\">\n      <div class=\"ue-flip-box__panel--back-overlay\"><\/div>\n            <div class=\"ue-flip-box__panel__wrapper\">\n        <div class=\"ue-flip-box__panel__content\">\n                    <div class=\"ue-flip-box__panel__element ue-flip-box__title\">T\u00e9l 07.49.10.20.43<\/div>          <div class=\"ue-flip-box__panel__element ue-flip-box__description\"><p>nulle conditions physique n\u2019est n\u00e9cessaire<\/p><p><b>Une tenue et chaussures\u00a0 confortables un tapis de yoga ou une serviette\u00a0<\/b><\/p><p>et on est partis pour une s\u00e9ance de rire et de bonne humeur dont les effets perdureront sur plusieurs jours !<\/p><\/div>                  <\/div>\n      <\/div>\n    <\/div>\n    \n  <\/div>\n  \n   \n      \n        \n<\/div>\n<!-- end Flip Box -->\t\t\t\t<\/div>\n\t\t\t\t<\/div>\n\t\t\t\t<\/div>\n\t\t\t\t<\/div>\n\t\t<div class=\"elementor-element elementor-element-462bb61 e-flex e-con-boxed e-con e-parent\" data-id=\"462bb61\" data-element_type=\"container\" data-e-type=\"container\">\n\t\t\t\t\t<div class=\"e-con-inner\">\n\t\t<div class=\"elementor-element elementor-element-a237b9e e-con-full e-flex e-con e-child\" data-id=\"a237b9e\" data-element_type=\"container\" data-e-type=\"container\">\n\t\t\t\t<div class=\"elementor-element elementor-element-cdc29eb elementor-widget elementor-widget-image\" data-id=\"cdc29eb\" data-element_type=\"widget\" data-e-type=\"widget\" data-widget_type=\"image.default\">\n\t\t\t\t<div class=\"elementor-widget-container\">\n\t\t\t\t\t\t\t\t\t\t\t\t\t\t\t<img fetchpriority=\"high\" decoding=\"async\" width=\"316\" height=\"183\" src=\"https:\/\/riredeboncoeur.fr\/wp-content\/uploads\/2024\/02\/Screenshot-2024-02-02-at-12-07-14-dos-flyers-scan.pdf.png\" class=\"attachment-medium_large size-medium_large wp-image-252\" alt=\"\" srcset=\"https:\/\/riredeboncoeur.fr\/wp-content\/uploads\/2024\/02\/Screenshot-2024-02-02-at-12-07-14-dos-flyers-scan.pdf.png 316w, https:\/\/riredeboncoeur.fr\/wp-content\/uploads\/2024\/02\/Screenshot-2024-02-02-at-12-07-14-dos-flyers-scan.pdf-300x174.png 300w\" sizes=\"(max-width: 316px) 100vw, 316px\" \/>\t\t\t\t\t\t\t\t\t\t\t\t\t\t\t<\/div>\n\t\t\t\t<\/div>\n\t\t\t\t<\/div>\n\t\t<div class=\"elementor-element elementor-element-53c04e3 e-con-full e-flex e-con e-child\" data-id=\"53c04e3\" data-element_type=\"container\" data-e-type=\"container\">\n\t\t\t\t<div class=\"elementor-element elementor-element-da7c9cb elementor-widget elementor-widget-image\" data-id=\"da7c9cb\" data-element_type=\"widget\" data-e-type=\"widget\" data-widget_type=\"image.default\">\n\t\t\t\t<div class=\"elementor-widget-container\">\n\t\t\t\t\t\t\t\t\t\t\t\t\t\t\t<img decoding=\"async\" width=\"318\" height=\"168\" src=\"https:\/\/riredeboncoeur.fr\/wp-content\/uploads\/2024\/02\/Screenshot-2024-02-02-at-12-07-29-dos-flyers-scan.pdf.png\" class=\"attachment-large size-large wp-image-251\" alt=\"\" srcset=\"https:\/\/riredeboncoeur.fr\/wp-content\/uploads\/2024\/02\/Screenshot-2024-02-02-at-12-07-29-dos-flyers-scan.pdf.png 318w, https:\/\/riredeboncoeur.fr\/wp-content\/uploads\/2024\/02\/Screenshot-2024-02-02-at-12-07-29-dos-flyers-scan.pdf-300x158.png 300w\" sizes=\"(max-width: 318px) 100vw, 318px\" \/>\t\t\t\t\t\t\t\t\t\t\t\t\t\t\t<\/div>\n\t\t\t\t<\/div>\n\t\t\t\t<\/div>\n\t\t<div class=\"elementor-element elementor-element-a3793e0 e-con-full e-flex e-con e-child\" data-id=\"a3793e0\" data-element_type=\"container\" data-e-type=\"container\">\n\t\t\t\t<div class=\"elementor-element elementor-element-732deb8 elementor-widget__width-initial elementor-widget elementor-widget-image\" data-id=\"732deb8\" data-element_type=\"widget\" data-e-type=\"widget\" data-widget_type=\"image.default\">\n\t\t\t\t<div class=\"elementor-widget-container\">\n\t\t\t\t\t\t\t\t\t\t\t\t\t\t\t<img decoding=\"async\" width=\"318\" height=\"175\" src=\"https:\/\/riredeboncoeur.fr\/wp-content\/uploads\/2024\/02\/Screenshot-2024-02-02-at-12-07-42-dos-flyers-scan.pdf.png\" class=\"attachment-large size-large wp-image-250\" alt=\"\" srcset=\"https:\/\/riredeboncoeur.fr\/wp-content\/uploads\/2024\/02\/Screenshot-2024-02-02-at-12-07-42-dos-flyers-scan.pdf.png 318w, https:\/\/riredeboncoeur.fr\/wp-content\/uploads\/2024\/02\/Screenshot-2024-02-02-at-12-07-42-dos-flyers-scan.pdf-300x165.png 300w\" sizes=\"(max-width: 318px) 100vw, 318px\" \/>\t\t\t\t\t\t\t\t\t\t\t\t\t\t\t<\/div>\n\t\t\t\t<\/div>\n\t\t\t\t<\/div>\n\t\t<div class=\"elementor-element elementor-element-6d52ad0 e-con-full e-flex e-con e-child\" data-id=\"6d52ad0\" data-element_type=\"container\" data-e-type=\"container\">\n\t\t\t\t<div class=\"elementor-element elementor-element-36c3cb1 elementor-widget elementor-widget-image\" data-id=\"36c3cb1\" data-element_type=\"widget\" data-e-type=\"widget\" data-widget_type=\"image.default\">\n\t\t\t\t<div class=\"elementor-widget-container\">\n\t\t\t\t\t\t\t\t\t\t\t\t\t\t\t<img loading=\"lazy\" decoding=\"async\" width=\"325\" height=\"174\" src=\"https:\/\/riredeboncoeur.fr\/wp-content\/uploads\/2024\/02\/Screenshot-2024-02-02-at-12-07-55-dos-flyers-scan.pdf.png\" class=\"attachment-large size-large wp-image-249\" alt=\"\" srcset=\"https:\/\/riredeboncoeur.fr\/wp-content\/uploads\/2024\/02\/Screenshot-2024-02-02-at-12-07-55-dos-flyers-scan.pdf.png 325w, https:\/\/riredeboncoeur.fr\/wp-content\/uploads\/2024\/02\/Screenshot-2024-02-02-at-12-07-55-dos-flyers-scan.pdf-300x161.png 300w\" sizes=\"(max-width: 325px) 100vw, 325px\" \/>\t\t\t\t\t\t\t\t\t\t\t\t\t\t\t<\/div>\n\t\t\t\t<\/div>\n\t\t\t\t<\/div>\n\t\t\t\t<div class=\"elementor-element elementor-element-f0ff0a6 elementor-widget elementor-widget-heading\" data-id=\"f0ff0a6\" data-element_type=\"widget\" data-e-type=\"widget\" data-widget_type=\"heading.default\">\n\t\t\t\t<div class=\"elementor-widget-container\">\n\t\t\t\t\t<h2 class=\"elementor-heading-title elementor-size-default\">R\u00e9servation n\u00e9cessaire par sms mail \nt\u00e9l\u00e9phone facile obligatoire et sans engagement !!!!!<\/h2>\t\t\t\t<\/div>\n\t\t\t\t<\/div>\n\t\t\t\t\t<\/div>\n\t\t\t\t<\/div>\n\t\t<div class=\"elementor-element elementor-element-726e449 e-flex e-con-boxed e-con e-parent\" data-id=\"726e449\" data-element_type=\"container\" data-e-type=\"container\">\n\t\t\t\t\t<div class=\"e-con-inner\">\n\t\t\t\t<div class=\"elementor-element elementor-element-129e33d elementor-widget elementor-widget-image\" data-id=\"129e33d\" data-element_type=\"widget\" data-e-type=\"widget\" data-widget_type=\"image.default\">\n\t\t\t\t<div class=\"elementor-widget-container\">\n\t\t\t\t\t\t\t\t\t\t\t\t\t\t\t<img loading=\"lazy\" decoding=\"async\" width=\"300\" height=\"300\" src=\"https:\/\/riredeboncoeur.fr\/wp-content\/uploads\/2024\/01\/Chr_can_you_create_flyers_with_people_different_ages_kid_adult__643f0ba1-d828-4390-9db2-7a55a2098f04-300x300.png\" class=\"attachment-medium size-medium wp-image-212\" alt=\"\" srcset=\"https:\/\/riredeboncoeur.fr\/wp-content\/uploads\/2024\/01\/Chr_can_you_create_flyers_with_people_different_ages_kid_adult__643f0ba1-d828-4390-9db2-7a55a2098f04-300x300.png 300w, https:\/\/riredeboncoeur.fr\/wp-content\/uploads\/2024\/01\/Chr_can_you_create_flyers_with_people_different_ages_kid_adult__643f0ba1-d828-4390-9db2-7a55a2098f04-150x150.png 150w, https:\/\/riredeboncoeur.fr\/wp-content\/uploads\/2024\/01\/Chr_can_you_create_flyers_with_people_different_ages_kid_adult__643f0ba1-d828-4390-9db2-7a55a2098f04-768x768.png 768w, https:\/\/riredeboncoeur.fr\/wp-content\/uploads\/2024\/01\/Chr_can_you_create_flyers_with_people_different_ages_kid_adult__643f0ba1-d828-4390-9db2-7a55a2098f04.png 1024w\" sizes=\"(max-width: 300px) 100vw, 300px\" \/>\t\t\t\t\t\t\t\t\t\t\t\t\t\t\t<\/div>\n\t\t\t\t<\/div>\n\t\t\t\t\t<\/div>\n\t\t\t\t<\/div>\n\t\t\t\t<\/div>\n\t\t","protected":false},"excerpt":{"rendered":"<p>O\u00f9? Quand ? Comment? Pour Qui ? En club T\u00e9l 07.49.10.20.43 contactez moi\u00a0 pour vous informer du lieu et horaire du rendez-vous le plus proche \u00a0prix s\u00e9ances \u00e0 partir de 7 euros. prix r\u00e9duits pour adh\u00e9rents de l\u2019association, ch\u00f4meur ou psh . S\u00e9ance priv\u00e9 T\u00e9l 07.49.10.20.43 anniversaires, f\u00eates, mariages, enterrement de vie de jeune filles [&hellip;]<\/p>\n","protected":false},"author":1,"featured_media":0,"parent":0,"menu_order":0,"comment_status":"closed","ping_status":"closed","template":"","meta":{"footnotes":""},"class_list":["post-85","page","type-page","status-publish","hentry"],"_links":{"self":[{"href":"https:\/\/riredeboncoeur.fr\/index.php\/wp-json\/wp\/v2\/pages\/85","targetHints":{"allow":["GET"]}}],"collection":[{"href":"https:\/\/riredeboncoeur.fr\/index.php\/wp-json\/wp\/v2\/pages"}],"about":[{"href":"https:\/\/riredeboncoeur.fr\/index.php\/wp-json\/wp\/v2\/types\/page"}],"author":[{"embeddable":true,"href":"https:\/\/riredeboncoeur.fr\/index.php\/wp-json\/wp\/v2\/users\/1"}],"replies":[{"embeddable":true,"href":"https:\/\/riredeboncoeur.fr\/index.php\/wp-json\/wp\/v2\/comments?post=85"}],"version-history":[{"count":22,"href":"https:\/\/riredeboncoeur.fr\/index.php\/wp-json\/wp\/v2\/pages\/85\/revisions"}],"predecessor-version":[{"id":259,"href":"https:\/\/riredeboncoeur.fr\/index.php\/wp-json\/wp\/v2\/pages\/85\/revisions\/259"}],"wp:attachment":[{"href":"https:\/\/riredeboncoeur.fr\/index.php\/wp-json\/wp\/v2\/media?parent=85"}],"curies":[{"name":"wp","href":"https:\/\/api.w.org\/{rel}","templated":true}]}}